{"id":5212,"date":"2021-08-25T07:26:28","date_gmt":"2021-08-25T07:26:28","guid":{"rendered":"http:\/\/dummy.xtemos.com\/woodmart2\/?page_id=5212"},"modified":"2025-04-14T14:10:17","modified_gmt":"2025-04-14T11:10:17","slug":"about-us-3","status":"publish","type":"page","link":"https:\/\/www.onalmadeniesya.com\/?page_id=5212","title":{"rendered":"Hakk\u0131m\u0131zda"},"content":{"rendered":"<div class=\"wpb-content-wrapper\"><p>[vc_row css=&#8221;.vc_custom_1629877038080{margin-bottom: 40px !important;}&#8221; mobile_bg_img_hidden=&#8221;no&#8221; tablet_bg_img_hidden=&#8221;no&#8221; woodmart_parallax=&#8221;0&#8243; woodmart_gradient_switch=&#8221;no&#8221; row_reverse_mobile=&#8221;1&#8243; row_reverse_tablet=&#8221;1&#8243; woodmart_disable_overflow=&#8221;0&#8243; wd_z_index=&#8221;no&#8221; woodmart_css_id=&#8221;6125f32826e3d&#8221; responsive_spacing=&#8221;eyJwYXJhbV90eXBlIjoid29vZG1hcnRfcmVzcG9uc2l2ZV9zcGFjaW5nIiwic2VsZWN0b3JfaWQiOiI2MTI1ZjMyODI2ZTNkIiwic2hvcnRjb2RlIjoidmNfcm93IiwiZGF0YSI6eyJ0YWJsZXQiOnt9LCJtb2JpbGUiOnsibWFyZ2luLWJvdHRvbSI6IjIwIn19fQ==&#8221;][vc_column css=&#8221;.vc_custom_1629877010833{margin-bottom: 40px !important;padding-top: 0px !important;}&#8221; mobile_bg_img_hidden=&#8221;no&#8221; tablet_bg_img_hidden=&#8221;no&#8221; woodmart_parallax=&#8221;0&#8243; woodmart_sticky_column=&#8221;false&#8221; parallax_scroll=&#8221;no&#8221; mobile_reset_margin=&#8221;no&#8221; tablet_reset_margin=&#8221;no&#8221; offset=&#8221;vc_col-lg-6 vc_col-md-6&#8243; wd_z_index=&#8221;no&#8221; woodmart_css_id=&#8221;6125f30edad72&#8243; responsive_spacing=&#8221;eyJwYXJhbV90eXBlIjoid29vZG1hcnRfcmVzcG9uc2l2ZV9zcGFjaW5nIiwic2VsZWN0b3JfaWQiOiI2MTI1ZjMwZWRhZDcyIiwic2hvcnRjb2RlIjoidmNfY29sdW1uIiwiZGF0YSI6eyJ0YWJsZXQiOnt9LCJtb2JpbGUiOnt9fX0=&#8221;]\t\t<div id=\"wd-67fceb8fb5e3b\" class=\"wd-image wd-wpb wd-rs-67fceb8fb5e3b text-left vc_custom_1744628636345\">\n\t\t\t\n\t\t\t<img loading=\"lazy\" decoding=\"async\" width=\"1600\" height=\"1920\" src=\"https:\/\/www.onalmadeniesya.com\/wp-content\/uploads\/2025\/04\/Basliksiz-sfasf.jpg\" class=\"attachment-full size-full\" alt=\"\" srcset=\"https:\/\/www.onalmadeniesya.com\/wp-content\/uploads\/2025\/04\/Basliksiz-sfasf.jpg 1600w, https:\/\/www.onalmadeniesya.com\/wp-content\/uploads\/2025\/04\/Basliksiz-sfasf-150x180.jpg 150w, https:\/\/www.onalmadeniesya.com\/wp-content\/uploads\/2025\/04\/Basliksiz-sfasf-700x840.jpg 700w, https:\/\/www.onalmadeniesya.com\/wp-content\/uploads\/2025\/04\/Basliksiz-sfasf-250x300.jpg 250w, https:\/\/www.onalmadeniesya.com\/wp-content\/uploads\/2025\/04\/Basliksiz-sfasf-667x800.jpg 667w, https:\/\/www.onalmadeniesya.com\/wp-content\/uploads\/2025\/04\/Basliksiz-sfasf-768x922.jpg 768w, https:\/\/www.onalmadeniesya.com\/wp-content\/uploads\/2025\/04\/Basliksiz-sfasf-1280x1536.jpg 1280w, https:\/\/www.onalmadeniesya.com\/wp-content\/uploads\/2025\/04\/Basliksiz-sfasf-860x1032.jpg 860w\" sizes=\"auto, (max-width: 1600px) 100vw, 1600px\" \/>\n\t\t\t\t\t<\/div>\n\t\t[\/vc_column][vc_column css=&#8221;.vc_custom_1629877027060{margin-bottom: 40px !important;padding-top: 40px !important;}&#8221; mobile_bg_img_hidden=&#8221;no&#8221; tablet_bg_img_hidden=&#8221;no&#8221; woodmart_parallax=&#8221;0&#8243; woodmart_sticky_column=&#8221;false&#8221; parallax_scroll=&#8221;no&#8221; mobile_reset_margin=&#8221;no&#8221; tablet_reset_margin=&#8221;no&#8221; offset=&#8221;vc_col-lg-offset-1 vc_col-lg-5 vc_col-md-6 vc_col-xs-12&#8243; wd_z_index=&#8221;no&#8221; woodmart_css_id=&#8221;6125f320eb687&#8243; responsive_spacing=&#8221;eyJwYXJhbV90eXBlIjoid29vZG1hcnRfcmVzcG9uc2l2ZV9zcGFjaW5nIiwic2VsZWN0b3JfaWQiOiI2MTI1ZjMyMGViNjg3Iiwic2hvcnRjb2RlIjoidmNfY29sdW1uIiwiZGF0YSI6eyJ0YWJsZXQiOnt9LCJtb2JpbGUiOnsicGFkZGluZy10b3AiOiIwIn19fQ==&#8221;]\t\t\t<link rel=\"stylesheet\" id=\"wd-section-title-css\" href=\"https:\/\/www.onalmadeniesya.com\/wp-content\/themes\/woodmart\/css\/parts\/el-section-title.min.css?ver=7.3.4\" type=\"text\/css\" media=\"all\" \/> \t\t\t\t\t\t<link rel=\"stylesheet\" id=\"wd-mod-highlighted-text-css\" href=\"https:\/\/www.onalmadeniesya.com\/wp-content\/themes\/woodmart\/css\/parts\/mod-highlighted-text.min.css?ver=7.3.4\" type=\"text\/css\" media=\"all\" \/> \t\t\t\n\t\t<div id=\"wd-67fcebedcbbbd\" class=\"title-wrapper wd-wpb set-mb-s reset-last-child  wd-rs-67fcebedcbbbd wd-title-color-primary wd-title-style-default text-left vc_custom_1744628763539 wd-underline-colored\">\n\t\t\t\n\t\t\t<div class=\"liner-continer\">\n\t\t\t\t<h4 class=\"woodmart-title-container title  wd-font-weight-600 wd-fontsize-xxl\" >KON \u00d6NAL MADEN\u0130 E\u015eYA HAKKINDA<\/h4>\n\t\t\t\t\t\t\t<\/div>\n\t\t\t\n\t\t\t\n\t\t\t\n\t\t<\/div>\n\t\t\n\t\t\t\t\t<link rel=\"stylesheet\" id=\"wd-text-block-css\" href=\"https:\/\/www.onalmadeniesya.com\/wp-content\/themes\/woodmart\/css\/parts\/el-text-block.min.css?ver=7.3.4\" type=\"text\/css\" media=\"all\" \/> \t\t\t\t\t<div id=\"wd-67fcec1feb5a8\" class=\"wd-text-block wd-wpb reset-last-child wd-rs-67fcec1feb5a8 text-left wd-fontsize-custom vc_custom_1744628788341\">\n\t\t\t<p><span style=\"color: #000000;\">Kon \u00d6nal Madeni E\u015fya, ev ya\u015fam\u0131na y\u00f6nelik fonksiyonel ve dayan\u0131kl\u0131 \u00fcr\u00fcnler \u00fcretmek amac\u0131yla faaliyet g\u00f6stermektedir. \u00dcr\u00fcn yelpazemizde yer alan \u00fct\u00fc masas\u0131 ve kurutma ask\u0131s\u0131 gibi g\u00fcnl\u00fck kullan\u0131mda kolayl\u0131k sa\u011flayan \u00e7\u00f6z\u00fcmler, modern \u00fcretim anlay\u0131\u015f\u0131 ve kalite odakl\u0131 yakla\u015f\u0131m\u0131m\u0131zla \u015fekillenmektedir.<\/span><\/p>\n<p><span style=\"color: #000000;\">\u00dcretim s\u00fcre\u00e7lerimizde; ergonomi, sa\u011flaml\u0131k ve kullan\u0131c\u0131 memnuniyeti temel \u00f6nceliklerimizdir. Geli\u015fmi\u015f makine parkurumuz ve alan\u0131nda uzman ekibimizle birlikte, her a\u015famada kaliteyi standart haline getirerek sekt\u00f6rdeki g\u00fcvenilirli\u011fimizi s\u00fcrd\u00fcrmekteyiz.<\/span><\/p>\n<p><span style=\"color: #000000;\">M\u00fc\u015fteri ihtiya\u00e7lar\u0131n\u0131 yak\u0131ndan takip ederek talep edilen \u00fcr\u00fcnleri estetik, i\u015flevsel ve s\u00fcrd\u00fcr\u00fclebilir \u00e7\u00f6z\u00fcmlerle sunmaktay\u0131z. Sat\u0131\u015f \u00f6ncesi ve sonras\u0131 hizmet kalitemizle son kullan\u0131c\u0131lar\u0131m\u0131za de\u011fer katmay\u0131 hedefliyoruz.<\/span><\/p>\n<p><span style=\"color: #000000;\">Kon \u00d6nal Madeni E\u015fya, g\u00fc\u00e7l\u00fc \u00fcretim altyap\u0131s\u0131, yenilik\u00e7i bak\u0131\u015f a\u00e7\u0131s\u0131 ve m\u00fc\u015fteri odakl\u0131 yakla\u015f\u0131m\u0131yla sekt\u00f6rde g\u00fcvenin ve kalitenin simgesi olmay\u0131 s\u00fcrd\u00fcrmektedir.<\/span><\/p>\n\t\t<\/div>\n\t\t[vc_separator color=&#8221;custom&#8221; css=&#8221;.vc_custom_1615616514122{margin-bottom: 20px !important;padding-top: 10px !important;}&#8221; accent_color=&#8221;rgba(10,10,10,0.12)&#8221;][\/vc_column][\/vc_row][vc_row][vc_column]\n<div class=\"wpcf7 no-js\" id=\"wpcf7-f12-o1\" lang=\"tr-TR\" dir=\"ltr\" data-wpcf7-id=\"12\">\n<div class=\"screen-reader-response\"><p role=\"status\" aria-live=\"polite\" aria-atomic=\"true\"><\/p> <ul><\/ul><\/div>\n<form action=\"\/index.php?rest_route=%2Fwp%2Fv2%2Fpages%2F5212#wpcf7-f12-o1\" method=\"post\" class=\"wpcf7-form init\" aria-label=\"\u0130leti\u015fim Formu\" novalidate=\"novalidate\" data-status=\"init\">\n<fieldset class=\"hidden-fields-container\"><input type=\"hidden\" name=\"_wpcf7\" value=\"12\" \/><input type=\"hidden\" name=\"_wpcf7_version\" value=\"6.1.5\" \/><input type=\"hidden\" name=\"_wpcf7_locale\" value=\"tr_TR\" \/><input type=\"hidden\" name=\"_wpcf7_unit_tag\" value=\"wpcf7-f12-o1\" \/><input type=\"hidden\" name=\"_wpcf7_container_post\" value=\"0\" \/><input type=\"hidden\" name=\"_wpcf7_posted_data_hash\" value=\"\" \/>\n<\/fieldset>\n<p><label> Ad\u0131n\u0131z<br \/>\n<span class=\"wpcf7-form-control-wrap\" data-name=\"your-name\"><input size=\"40\" maxlength=\"400\" class=\"wpcf7-form-control wpcf7-text wpcf7-validates-as-required\" aria-required=\"true\" aria-invalid=\"false\" value=\"\" type=\"text\" name=\"your-name\" \/><\/span> <\/label>\n<\/p>\n<p><label> E-posta adresiniz<br \/>\n<span class=\"wpcf7-form-control-wrap\" data-name=\"your-email\"><input size=\"40\" maxlength=\"400\" class=\"wpcf7-form-control wpcf7-email wpcf7-validates-as-required wpcf7-text wpcf7-validates-as-email\" aria-required=\"true\" aria-invalid=\"false\" value=\"\" type=\"email\" name=\"your-email\" \/><\/span> <\/label>\n<\/p>\n<p><label> Konu<br \/>\n<span class=\"wpcf7-form-control-wrap\" data-name=\"your-subject\"><input size=\"40\" maxlength=\"400\" class=\"wpcf7-form-control wpcf7-text wpcf7-validates-as-required\" aria-required=\"true\" aria-invalid=\"false\" value=\"\" type=\"text\" name=\"your-subject\" \/><\/span> <\/label>\n<\/p>\n<p><label> \u0130letiniz (tercihe ba\u011fl\u0131)<br \/>\n<span class=\"wpcf7-form-control-wrap\" data-name=\"your-message\"><textarea cols=\"40\" rows=\"10\" maxlength=\"2000\" class=\"wpcf7-form-control wpcf7-textarea\" aria-invalid=\"false\" name=\"your-message\"><\/textarea><\/span> <\/label>\n<\/p>\n<p><input class=\"wpcf7-form-control wpcf7-submit has-spinner\" type=\"submit\" value=\"G\u00f6nder\" \/>\n<\/p><div class=\"wpcf7-response-output\" aria-hidden=\"true\"><\/div>\n<\/form>\n<\/div>\n[\/vc_column][\/vc_row]<\/p>\n<\/div>","protected":false},"excerpt":{"rendered":"<p>[vc_row css=&#8221;.vc_custom_1629877038080{margin-bottom: 40px !important;}&#8221; mobile_bg_img_hidden=&#8221;no&#8221; tablet_bg_img_hidden=&#8221;no&#8221; woodmart_parallax=&#8221;0&#8243; woodmart_gradient_switch=&#8221;no&#8221; row_reverse_mobile=&#8221;1&#8243; row_reverse_tablet=&#8221;1&#8243; woodmart_disable_overflow=&#8221;0&#8243; wd_z_index=&#8221;no&#8221; woodmart_css_id=&#8221;6125f32826e3d&#8221; responsive_spacing=&#8221;eyJwYXJhbV90eXBlIjoid29vZG1hcnRfcmVzcG9uc2l2ZV9zcGFjaW5nIiwic2VsZWN0b3JfaWQiOiI2MTI1ZjMyODI2ZTNkIiwic2hvcnRjb2RlIjoidmNfcm93IiwiZGF0YSI6eyJ0YWJsZXQiOnt9LCJtb2JpbGUiOnsibWFyZ2luLWJvdHRvbSI6IjIwIn19fQ==&#8221;][vc_column css=&#8221;.vc_custom_1629877010833{margin-bottom: 40px !important;padding-top: 0px !important;}&#8221; mobile_bg_img_hidden=&#8221;no&#8221;<\/p>\n","protected":false},"author":1,"featured_media":0,"parent":0,"menu_order":0,"comment_status":"closed","ping_status":"closed","template":"","meta":{"footnotes":""},"class_list":["post-5212","page","type-page","status-publish","hentry"],"_links":{"self":[{"href":"https:\/\/www.onalmadeniesya.com\/index.php?rest_route=\/wp\/v2\/pages\/5212","targetHints":{"allow":["GET"]}}],"collection":[{"href":"https:\/\/www.onalmadeniesya.com\/index.php?rest_route=\/wp\/v2\/pages"}],"about":[{"href":"https:\/\/www.onalmadeniesya.com\/index.php?rest_route=\/wp\/v2\/types\/page"}],"author":[{"embeddable":true,"href":"https:\/\/www.onalmadeniesya.com\/index.php?rest_route=\/wp\/v2\/users\/1"}],"replies":[{"embeddable":true,"href":"https:\/\/www.onalmadeniesya.com\/index.php?rest_route=%2Fwp%2Fv2%2Fcomments&post=5212"}],"version-history":[{"count":5,"href":"https:\/\/www.onalmadeniesya.com\/index.php?rest_route=\/wp\/v2\/pages\/5212\/revisions"}],"predecessor-version":[{"id":9713,"href":"https:\/\/www.onalmadeniesya.com\/index.php?rest_route=\/wp\/v2\/pages\/5212\/revisions\/9713"}],"wp:attachment":[{"href":"https:\/\/www.onalmadeniesya.com\/index.php?rest_route=%2Fwp%2Fv2%2Fmedia&parent=5212"}],"curies":[{"name":"wp","href":"https:\/\/api.w.org\/{rel}","templated":true}]}}