{"id":5288,"date":"2021-08-25T09:00:10","date_gmt":"2021-08-25T09:00:10","guid":{"rendered":"http:\/\/dummy.xtemos.com\/woodmart2\/?page_id=5288"},"modified":"2025-04-21T23:22:41","modified_gmt":"2025-04-21T20:22:41","slug":"iletisim","status":"publish","type":"page","link":"https:\/\/www.onalmadeniesya.com\/?page_id=5288","title":{"rendered":"\u0130leti\u015fim"},"content":{"rendered":"<div class=\"wpb-content-wrapper\"><p>[vc_row css=&#8221;.vc_custom_1484587700785{margin-bottom: 0px !important;}&#8221;][vc_column width=&#8221;1\/2&#8243; css=&#8221;.vc_custom_1525772281033{margin-bottom: 30px !important;padding-top: 0px !important;}&#8221; offset=&#8221;vc_col-lg-4 vc_col-md-4&#8243;]\t\t\t<link rel=\"stylesheet\" id=\"wd-section-title-css\" href=\"https:\/\/www.onalmadeniesya.com\/wp-content\/themes\/woodmart\/css\/parts\/el-section-title.min.css?ver=7.3.4\" type=\"text\/css\" media=\"all\" \/> \t\t\t\t\t\t<link rel=\"stylesheet\" id=\"wd-mod-highlighted-text-css\" href=\"https:\/\/www.onalmadeniesya.com\/wp-content\/themes\/woodmart\/css\/parts\/mod-highlighted-text.min.css?ver=7.3.4\" type=\"text\/css\" media=\"all\" \/> \t\t\t\n\t\t<div id=\"wd-67fcedfee9aad\" class=\"title-wrapper wd-wpb set-mb-s reset-last-child  wd-rs-67fcedfee9aad wd-title-color-default wd-title-style-default text-left vc_custom_1744629255150 wd-underline-colored\">\n\t\t\t\n\t\t\t<div class=\"liner-continer\">\n\t\t\t\t<h4 class=\"woodmart-title-container title  wd-font-weight-500 wd-fontsize-l\" >\u0130leti\u015fim<\/h4>\n\t\t\t\t\t\t\t<\/div>\n\t\t\t\n\t\t\t\n\t\t\t\n\t\t<\/div>\n\t\t\n\t\t[vc_row_inner][vc_column_inner]\t\t\t<link rel=\"stylesheet\" id=\"wd-info-box-css\" href=\"https:\/\/www.onalmadeniesya.com\/wp-content\/themes\/woodmart\/css\/parts\/el-info-box.min.css?ver=7.3.4\" type=\"text\/css\" media=\"all\" \/> \t\t\t\t\t\t<div class=\"info-box-wrapper\">\n\t\t\t\t<div id=\"wd-67fcee0836cb1\" class=\" wd-rs-67fcee0836cb1 wd-info-box wd-wpb text-left box-icon-align-top box-style- color-scheme- wd-bg-none vc_custom_1744632995776\"  >\n\t\t\t\t\t\t\t\t\t\t<div class=\"info-box-content\">\n\t\t\t\t\t\t\t\t\t\t\t\t<div class=\"info-box-inner set-cont-mb-s reset-last-child\"><p><strong>E-Posta:<\/strong>\u00a0 bilgi@onalmadeniesya.com<\/p>\n<p><strong>Tel:<\/strong> +90 332 355 17 35<\/p>\n<p><strong>Adres: <\/strong>Tatl\u0131cak Mahallesi Vatan Sanayi Sitesi, I\u015f\u0131ldak Sk. D:59, 42030 Karatay<\/p>\n<\/div>\n\n\t\t\t\t\t\t\t\t\t\t\t<\/div>\n\n\t\t\t\t\t\t\t\t\t<\/div>\n\t\t\t<\/div>\n\t\t[\/vc_column_inner][\/vc_row_inner]\n\t\t<div id=\"wd-67fcfcad7da13\" class=\"title-wrapper wd-wpb set-mb-s reset-last-child  wd-rs-67fcfcad7da13 wd-title-color-default wd-title-style-default text-left vc_custom_1744633015220 wd-underline-colored\">\n\t\t\t\n\t\t\t<div class=\"liner-continer\">\n\t\t\t\t<h4 class=\"woodmart-title-container title  wd-font-weight-700 wd-fontsize-l\" >Bize Ula\u015f\u0131n<\/h4>\n\t\t\t\t\t\t\t<\/div>\n\t\t\t\n\t\t\t\n\t\t\t\n\t\t<\/div>\n\t\t\n\t\t\t\t\t<link rel=\"stylesheet\" id=\"wd-text-block-css\" href=\"https:\/\/www.onalmadeniesya.com\/wp-content\/themes\/woodmart\/css\/parts\/el-text-block.min.css?ver=7.3.4\" type=\"text\/css\" media=\"all\" \/> \t\t\t\t\t<div id=\"wd-67fcfcc3cf177\" class=\"wd-text-block wd-wpb reset-last-child wd-rs-67fcfcc3cf177 text-left vc_custom_1744633040623\">\n\t\t\t<p>Whatsapp&#8217;tan bize ula\u015fabilirsiniz&#8230;<\/p>\n\t\t<\/div>\n\t\t<div id=\"wd-6800cf17440d8\" class=\" wd-rs-6800cf17440d8  wd-button-wrapper text-left\"><a href=\"https:\/\/api.whatsapp.com\/send\/?phone=903323551735&text\" title=\"\" class=\"btn btn-scheme-light btn-scheme-hover-light btn-style-default btn-style-semi-round btn-size-default\">Whatsapp<\/a><\/div><div id=\"wd-6806a8890524b\" class=\" wd-rs-6806a8890524b vc_custom_1745266946445 wd-button-wrapper text-left\"><a href=\"mailto:bilgi@onalmadeniesya.com\" title=\"\" class=\"btn btn-scheme-light btn-scheme-hover-light btn-style-default btn-style-semi-round btn-size-default\">E-Mail<\/a><\/div>[\/vc_column][vc_column width=&#8221;1\/2&#8243; offset=&#8221;vc_col-lg-8 vc_col-md-8&#8243; css=&#8221;.vc_custom_1525772275884{margin-bottom: 30px !important;padding-top: 0px !important;}&#8221;][vc_goo_maps location=&#8221;Kon\u00f6nal Madeni E\u015fya&#8221; zoom=&#8221;12&#8243; css=&#8221;&#8221;][\/vc_column][\/vc_row][vc_row][vc_column][\/vc_column][\/vc_row]<\/p>\n<\/div>","protected":false},"excerpt":{"rendered":"<p>[vc_row css=&#8221;.vc_custom_1484587700785{margin-bottom: 0px !important;}&#8221;][vc_column width=&#8221;1\/2&#8243; css=&#8221;.vc_custom_1525772281033{margin-bottom: 30px !important;padding-top: 0px !important;}&#8221; offset=&#8221;vc_col-lg-4 vc_col-md-4&#8243;][vc_row_inner][vc_column_inner][\/vc_column_inner][\/vc_row_inner][\/vc_column][vc_column width=&#8221;1\/2&#8243; offset=&#8221;vc_col-lg-8 vc_col-md-8&#8243; css=&#8221;.vc_custom_1525772275884{margin-bottom: 30px !important;padding-top: 0px !important;}&#8221;][vc_goo_maps<\/p>\n","protected":false},"author":1,"featured_media":0,"parent":0,"menu_order":0,"comment_status":"closed","ping_status":"closed","template":"","meta":{"footnotes":""},"class_list":["post-5288","page","type-page","status-publish","hentry"],"_links":{"self":[{"href":"https:\/\/www.onalmadeniesya.com\/index.php?rest_route=\/wp\/v2\/pages\/5288","targetHints":{"allow":["GET"]}}],"collection":[{"href":"https:\/\/www.onalmadeniesya.com\/index.php?rest_route=\/wp\/v2\/pages"}],"about":[{"href":"https:\/\/www.onalmadeniesya.com\/index.php?rest_route=\/wp\/v2\/types\/page"}],"author":[{"embeddable":true,"href":"https:\/\/www.onalmadeniesya.com\/index.php?rest_route=\/wp\/v2\/users\/1"}],"replies":[{"embeddable":true,"href":"https:\/\/www.onalmadeniesya.com\/index.php?rest_route=%2Fwp%2Fv2%2Fcomments&post=5288"}],"version-history":[{"count":6,"href":"https:\/\/www.onalmadeniesya.com\/index.php?rest_route=\/wp\/v2\/pages\/5288\/revisions"}],"predecessor-version":[{"id":9848,"href":"https:\/\/www.onalmadeniesya.com\/index.php?rest_route=\/wp\/v2\/pages\/5288\/revisions\/9848"}],"wp:attachment":[{"href":"https:\/\/www.onalmadeniesya.com\/index.php?rest_route=%2Fwp%2Fv2%2Fmedia&parent=5288"}],"curies":[{"name":"wp","href":"https:\/\/api.w.org\/{rel}","templated":true}]}}