{"id":57,"date":"2017-06-14T09:23:16","date_gmt":"2017-06-14T09:23:16","guid":{"rendered":"http:\/\/dummy.xtemos.com\/woodmart\/?page_id=57"},"modified":"2025-06-13T14:51:52","modified_gmt":"2025-06-13T11:51:52","slug":"anasayfa","status":"publish","type":"page","link":"https:\/\/www.onalmadeniesya.com\/","title":{"rendered":"Ana Sayfa"},"content":{"rendered":"<div class=\"wpb-content-wrapper\"><p>[vc_row full_width=&#8221;stretch_row_content_no_spaces&#8221; css=&#8221;.vc_custom_1626791053168{margin-top: -40px !important;margin-bottom: 80px !important;padding-top: 0px !important;}&#8221; woodmart_css_id=&#8221;60f6dc7e05113&#8243; responsive_spacing=&#8221;eyJwYXJhbV90eXBlIjoid29vZG1hcnRfcmVzcG9uc2l2ZV9zcGFjaW5nIiwic2VsZWN0b3JfaWQiOiI2MGY2ZGM3ZTA1MTEzIiwic2hvcnRjb2RlIjoidmNfcm93IiwiZGF0YSI6eyJ0YWJsZXQiOnsibWFyZ2luLWJvdHRvbSI6IjYwIn0sIm1vYmlsZSI6eyJtYXJnaW4tYm90dG9tIjoiNDAifX19&#8243; mobile_bg_img_hidden=&#8221;no&#8221; tablet_bg_img_hidden=&#8221;no&#8221; woodmart_parallax=&#8221;0&#8243; woodmart_gradient_switch=&#8221;no&#8221; row_reverse_mobile=&#8221;0&#8243; row_reverse_tablet=&#8221;0&#8243; woodmart_disable_overflow=&#8221;0&#8243;][vc_column woodmart_css_id=&#8221;60f6db382425b&#8221; responsive_spacing=&#8221;eyJwYXJhbV90eXBlIjoid29vZG1hcnRfcmVzcG9uc2l2ZV9zcGFjaW5nIiwic2VsZWN0b3JfaWQiOiI2MGY2ZGIzODI0MjViIiwic2hvcnRjb2RlIjoidmNfY29sdW1uIiwiZGF0YSI6eyJ0YWJsZXQiOnt9LCJtb2JpbGUiOnt9fX0=&#8221; parallax_scroll=&#8221;no&#8221; mobile_bg_img_hidden=&#8221;no&#8221; tablet_bg_img_hidden=&#8221;no&#8221; woodmart_parallax=&#8221;0&#8243; woodmart_sticky_column=&#8221;false&#8221; mobile_reset_margin=&#8221;no&#8221; tablet_reset_margin=&#8221;no&#8221; css=&#8221;.vc_custom_1626790716003{padding-top: 0px !important;}&#8221;]\n\t\t\t\t<p class=\"rs-p-wp-fix\"><\/p>\n\t\t\t\t<sr7-module data-alias=\"slider-1\" data-id=\"4\" id=\"SR7_4_1\" class=\"rs-ov-hidden\" data-version=\"6.7.34\">\n\t\t\t\t\t<sr7-adjuster><\/sr7-adjuster>\n\t\t\t\t\t<sr7-content>\n\t\t\t\t\t\t<sr7-slide id=\"SR7_4_1-13\" data-key=\"13\">\n\t\t\t\t\t\t\t<sr7-bg id=\"SR7_4_1-13-3\" class=\"sr7-layer\"><noscript><img decoding=\"async\" src=\"https:\/\/www.onalmadeniesya.com\/wp-content\/uploads\/2025\/04\/Basliksiz-1asf.jpg\" alt=\"\" title=\"Ba\u015fl\u0131ks\u0131z-1asf\"><\/noscript><\/sr7-bg>\n\t\t\t\t\t\t\t<sr7-txt id=\"SR7_4_1-13-2\" class=\"sr7-layer\">Evde \u015e\u0131kl\u0131k, Kullan\u0131mda Konfor!<\/sr7-txt>\n\t\t\t\t\t\t<\/sr7-slide>\n\t\t\t\t\t\t<sr7-slide id=\"SR7_4_1-16\" data-key=\"16\">\n\t\t\t\t\t\t\t<sr7-bg id=\"SR7_4_1-16-1\" class=\"sr7-layer\"><noscript><img decoding=\"async\" src=\"https:\/\/www.onalmadeniesya.com\/wp-content\/uploads\/2025\/04\/ironing-clothes-on-ironing-board-641721156-5aa7f1540e23d9003703048b-scaled.jpg\" alt=\"\" title=\"ironing-clothes-on-ironing-board-641721156-5aa7f1540e23d9003703048b\"><\/noscript><\/sr7-bg>\n\t\t\t\t\t\t\t<sr7-txt id=\"SR7_4_1-16-0\" class=\"sr7-layer\">\u0130htiyac\u0131n\u0131za Uygun, Modeller Burada!<\/sr7-txt>\n\t\t\t\t\t\t<\/sr7-slide>\n\t\t\t\t\t\t<sr7-slide id=\"SR7_4_1-14\" data-key=\"14\">\n\t\t\t\t\t\t<\/sr7-slide>\n\t\t\t\t\t<\/sr7-content>\n\t\t\t\t\t<image_lists style=\"display:none\">\n\t\t\t\t\t\t<img data-src=\"\/\/www.onalmadeniesya.com\/wp-content\/uploads\/2025\/04\/Basliksiz-1asf.jpg\" data-libid=\"9843\" data-lib=\"medialibrary\" title=\"Ba\u015fl\u0131ks\u0131z-1asf\" width=\"0\" height=\"0\" data-dbsrc=\"Ly93d3cub25hbG1hZGVuaWVzeWEuY29tL3dwLWNvbnRlbnQvdXBsb2Fkcy8yMDI1LzA0L0Jhc2xpa3Npei0xYXNmLmpwZw==\"\/>\n\t\t\t\t\t\t<img data-src=\"\/\/www.onalmadeniesya.com\/wp-content\/uploads\/2025\/04\/ironing-clothes-on-ironing-board-641721156-5aa7f1540e23d9003703048b-scaled.jpg\" data-libid=\"9845\" data-lib=\"medialibrary\" title=\"ironing-clothes-on-ironing-board-641721156-5aa7f1540e23d9003703048b\" width=\"0\" height=\"0\" data-dbsrc=\"Ly93d3cub25hbG1hZGVuaWVzeWEuY29tL3dwLWNvbnRlbnQvdXBsb2Fkcy8yMDI1LzA0L2lyb25pbmctY2xvdGhlcy1vbi1pcm9uaW5nLWJvYXJkLTY0MTcyMTE1Ni01YWE3ZjE1NDBlMjNkOTAwMzcwMzA0OGItc2NhbGVkLmpwZw==\"\/>\n\t\t\t\t\t<\/image_lists>\n\t\t\t\t<\/sr7-module>\n\t\t\t\t<script>\n\t\t\t\t\tSR7.PMH ??={}; SR7.PMH[\"SR7_4_1\"] = {cn:100,state:false,fn: function() { if (_tpt!==undefined && _tpt.prepareModuleHeight !== undefined) {  _tpt.prepareModuleHeight({id:\"SR7_4_1\",el:[900,900,768,960,720],type:'standard',shdw:'0',gh:[900,900,743,565,349],gw:[1240,1240,1024,778,480],vpt:['-100px'],size:{fullWidth:true, fullHeight:false},mh:'0',onh:0,onw:0,bg:{color:'{\"orig\":\"transparent\",\"type\":\"solid\",\"string\":\"transparent\"}'}});   SR7.PMH[\"SR7_4_1\"].state=true;} else if(SR7.PMH[\"SR7_4_1\"].cn-->0)\tsetTimeout( SR7.PMH[\"SR7_4_1\"].fn,19);}};SR7.PMH[\"SR7_4_1\" ].fn();\n\t\t\t\t<\/script>\n[\/vc_column][\/vc_row][vc_row woodmart_bg_position=&#8221;left-bottom&#8221; woodmart_disable_overflow=&#8221;1&#8243; css=&#8221;.vc_custom_1504590248624{margin-bottom: 50px !important;background-position: 0 0 !important;background-repeat: no-repeat !important;}&#8221;][vc_column css=&#8221;.vc_custom_1744585898472{margin-bottom: -30px !important;padding-top: 0px !important;}&#8221; woodmart_css_id=&#8221;67fc449a6435a&#8221; parallax_scroll=&#8221;no&#8221; woodmart_sticky_column=&#8221;false&#8221; wd_collapsible_content_switcher=&#8221;no&#8221; wd_column_role_offcanvas_desktop=&#8221;no&#8221; wd_column_role_offcanvas_tablet=&#8221;no&#8221; wd_column_role_offcanvas_mobile=&#8221;no&#8221; wd_column_role_content_desktop=&#8221;no&#8221; wd_column_role_content_tablet=&#8221;no&#8221; wd_column_role_content_mobile=&#8221;no&#8221; mobile_bg_img_hidden=&#8221;no&#8221; tablet_bg_img_hidden=&#8221;no&#8221; woodmart_parallax=&#8221;0&#8243; woodmart_box_shadow=&#8221;no&#8221; responsive_spacing=&#8221;eyJwYXJhbV90eXBlIjoid29vZG1hcnRfcmVzcG9uc2l2ZV9zcGFjaW5nIiwic2VsZWN0b3JfaWQiOiI2N2ZjNDQ5YTY0MzVhIiwic2hvcnRjb2RlIjoidmNfY29sdW1uIiwiZGF0YSI6eyJ0YWJsZXQiOnt9LCJtb2JpbGUiOnt9fX0=&#8221; mobile_reset_margin=&#8221;no&#8221; tablet_reset_margin=&#8221;no&#8221; wd_z_index=&#8221;no&#8221;]\t\t\t<link rel=\"stylesheet\" id=\"wd-section-title-css\" href=\"https:\/\/www.onalmadeniesya.com\/wp-content\/themes\/woodmart\/css\/parts\/el-section-title.min.css?ver=7.3.4\" type=\"text\/css\" media=\"all\" \/> \t\t\t\t\t\t<link rel=\"stylesheet\" id=\"wd-mod-highlighted-text-css\" href=\"https:\/\/www.onalmadeniesya.com\/wp-content\/themes\/woodmart\/css\/parts\/mod-highlighted-text.min.css?ver=7.3.4\" type=\"text\/css\" media=\"all\" \/> \t\t\t\n\t\t<div id=\"wd-67fc448b1e163\" class=\"title-wrapper wd-wpb set-mb-s reset-last-child  wd-rs-67fc448b1e163 wd-title-color-primary wd-title-style-default text-center  wd-underline-colored\">\n\t\t\t\n\t\t\t<div class=\"liner-continer\">\n\t\t\t\t<h4 class=\"woodmart-title-container title  wd-font-weight-600 wd-fontsize-xxl\" >\u00dcR\u00dcN GRUPLARI<\/h4>\n\t\t\t\t\t\t\t<\/div>\n\t\t\t\n\t\t\t\n\t\t\t\n\t\t<\/div>\n\t\t\n\t\t[\/vc_column][\/vc_row][vc_row css=&#8221;.vc_custom_1628175496697{margin-bottom: 55px !important;}&#8221; woodmart_css_id=&#8221;610bfc82ba5d7&#8243; responsive_spacing=&#8221;eyJwYXJhbV90eXBlIjoid29vZG1hcnRfcmVzcG9uc2l2ZV9zcGFjaW5nIiwic2VsZWN0b3JfaWQiOiI2MTBiZmM4MmJhNWQ3Iiwic2hvcnRjb2RlIjoidmNfcm93IiwiZGF0YSI6eyJ0YWJsZXQiOnsibWFyZ2luLWJvdHRvbSI6IjQ1In0sIm1vYmlsZSI6eyJtYXJnaW4tYm90dG9tIjoiMzUifX19&#8243; mobile_bg_img_hidden=&#8221;no&#8221; tablet_bg_img_hidden=&#8221;no&#8221; woodmart_parallax=&#8221;0&#8243; woodmart_gradient_switch=&#8221;no&#8221; row_reverse_mobile=&#8221;0&#8243; row_reverse_tablet=&#8221;0&#8243; woodmart_disable_overflow=&#8221;0&#8243;][vc_column width=&#8221;1\/2&#8243; css=&#8221;.vc_custom_1512032489501{margin-bottom: 30px !important;padding-top: 0px !important;}&#8221;]\t\t\t<link rel=\"stylesheet\" id=\"wd-banner-css\" href=\"https:\/\/www.onalmadeniesya.com\/wp-content\/themes\/woodmart\/css\/parts\/wpb-el-banner.min.css?ver=7.3.4\" type=\"text\/css\" media=\"all\" \/> \t\t\t\t\t\t<link rel=\"stylesheet\" id=\"wd-banner-style-mask-and-shadow-css\" href=\"https:\/\/www.onalmadeniesya.com\/wp-content\/themes\/woodmart\/css\/parts\/el-banner-style-mask-and-shadow.min.css?ver=7.3.4\" type=\"text\/css\" media=\"all\" \/> \t\t\t\t\t\t<link rel=\"stylesheet\" id=\"wd-banner-hover-zoom-css\" href=\"https:\/\/www.onalmadeniesya.com\/wp-content\/themes\/woodmart\/css\/parts\/el-banner-hover-zoom.min.css?ver=7.3.4\" type=\"text\/css\" media=\"all\" \/> \t\t\t\t\t\t<link rel=\"stylesheet\" id=\"wd-banner-btn-hover-css\" href=\"https:\/\/www.onalmadeniesya.com\/wp-content\/themes\/woodmart\/css\/parts\/el-banner-btn-hover.min.css?ver=7.3.4\" type=\"text\/css\" media=\"all\" \/> \t\t\t\t\t<div class=\"promo-banner-wrapper  wd-rs-680930a3d6d6b \">\n\t\t\t<div id=\"wd-680930a3d6d6b\" class=\"promo-banner  banner-mask banner-hover-zoom color-scheme-light banner-btn-size-default banner-btn-style-default  with-btn banner-btn-position-hover cursor-pointer wd-underline-colored\"\t\t\t\t onclick=\"window.location.href='https:\/\/www.onalmadeniesya.com\/?product_cat=utu-masasi'\"\t\t\t>\n\t\t\t\t<div class=\"main-wrapp-img\">\n\t\t\t\t\t<div class=\"banner-image wd-bg-position-center\" >\n\t\t\t\t\t\t<img loading=\"lazy\" decoding=\"async\" width=\"586\" height=\"426\" src=\"https:\/\/www.onalmadeniesya.com\/wp-content\/uploads\/2025\/04\/iron-ironing-board-bright-room-iron-clothes.jpg\" class=\"attachment-full size-full\" alt=\"\" \/>\t\t\t\t\t<\/div>\n\t\t\t\t<\/div>\n\n\t\t\t\t<div class=\"wrapper-content-banner wd-fill  wd-items-middle wd-justify-center\">\n\t\t\t\t\t<div class=\"content-banner  text-center\">\n\t\t\t\t\t\t<h4 class=\"banner-title wd-font-weight- wd-fontsize-xxl\">\u00dct\u00fc Masas\u0131<\/h4>\t\t\t\t\t\t\n\t\t\t\t\t\t\n\t\t\t\t\t\t<div class=\"banner-btn-wrapper\"><div id=\"wd-6a00cd9e00453\" class=\"  wd-button-wrapper text-center\"><a  class=\"btn btn-color-default btn-style-default btn-style-semi-round btn-size-default\">\u00dcr\u00fcnleri \u0130ncele<\/a><\/div><\/div>\t\t\t\t\t<\/div>\n\t\t\t\t<\/div>\n\t\t\t\t\t\t\t<\/div>\n\t\t<\/div>\n\n\t\t[\/vc_column][vc_column width=&#8221;1\/2&#8243; css=&#8221;.vc_custom_1512032498149{margin-bottom: 30px !important;padding-top: 0px !important;}&#8221;]\t\t<div class=\"promo-banner-wrapper  wd-rs-680930d1a2820 \">\n\t\t\t<div id=\"wd-680930d1a2820\" class=\"promo-banner  banner-mask banner-hover-zoom color-scheme-light banner-btn-size-default banner-btn-style-default  with-btn banner-btn-position-hover cursor-pointer wd-underline-colored\"\t\t\t\t onclick=\"window.location.href='https:\/\/www.onalmadeniesya.com\/?product_cat=kurutma-askisi'\"\t\t\t>\n\t\t\t\t<div class=\"main-wrapp-img\">\n\t\t\t\t\t<div class=\"banner-image wd-bg-position-center\" >\n\t\t\t\t\t\t<img loading=\"lazy\" decoding=\"async\" width=\"586\" height=\"426\" src=\"https:\/\/www.onalmadeniesya.com\/wp-content\/uploads\/2025\/04\/dried-clean-bedding-hanging-dryer-room.jpg\" class=\"attachment-full size-full\" alt=\"\" \/>\t\t\t\t\t<\/div>\n\t\t\t\t<\/div>\n\n\t\t\t\t<div class=\"wrapper-content-banner wd-fill  wd-items-middle wd-justify-center\">\n\t\t\t\t\t<div class=\"content-banner  text-center\">\n\t\t\t\t\t\t<h4 class=\"banner-title wd-font-weight- wd-fontsize-xxl\">Kurutma Ask\u0131s\u0131<\/h4>\t\t\t\t\t\t\n\t\t\t\t\t\t\n\t\t\t\t\t\t<div class=\"banner-btn-wrapper\"><div id=\"wd-6a00cd9e0083f\" class=\"  wd-button-wrapper text-center\"><a  class=\"btn btn-color-default btn-style-default btn-style-semi-round btn-size-default\">\u00dcr\u00fcnleri \u0130ncele<\/a><\/div><\/div>\t\t\t\t\t<\/div>\n\t\t\t\t<\/div>\n\t\t\t\t\t\t\t<\/div>\n\t\t<\/div>\n\n\t\t[\/vc_column][\/vc_row][vc_row gap=&#8221;35&#8243; equal_height=&#8221;yes&#8221; content_placement=&#8221;top&#8221; css=&#8221;.vc_custom_1744586510393{margin-top: 85px !important;margin-bottom: 4vh !important;}&#8221; woodmart_parallax=&#8221;0&#8243; woodmart_gradient_switch=&#8221;no&#8221; row_reverse_mobile=&#8221;0&#8243; row_reverse_tablet=&#8221;0&#8243; woodmart_disable_overflow=&#8221;0&#8243; woodmart_css_id=&#8221;67fc470093489&#8243; responsive_spacing=&#8221;eyJwYXJhbV90eXBlIjoid29vZG1hcnRfcmVzcG9uc2l2ZV9zcGFjaW5nIiwic2VsZWN0b3JfaWQiOiI2N2ZjNDcwMDkzNDg5Iiwic2hvcnRjb2RlIjoidmNfcm93IiwiZGF0YSI6eyJ0YWJsZXQiOnt9LCJtb2JpbGUiOnt9fX0=&#8221; mobile_bg_img_hidden=&#8221;no&#8221; tablet_bg_img_hidden=&#8221;no&#8221; woodmart_box_shadow=&#8221;no&#8221; wd_z_index=&#8221;no&#8221;][vc_column width=&#8221;1\/2&#8243; woodmart_parallax=&#8221;0&#8243; parallax_scroll=&#8221;no&#8221; woodmart_sticky_column=&#8221;false&#8221; css=&#8221;.vc_custom_1538568458450{margin-bottom: 4vh !important;padding-top: 0px !important;}&#8221; offset=&#8221;vc_col-lg-6 vc_col-md-6 vc_col-xs-12&#8243;]\n\t\t<div id=\"wd-6805a458665e8\" class=\"title-wrapper wd-wpb set-mb-s reset-last-child  wd-rs-6805a458665e8 wd-title-color-default wd-title-style-default text-left  wd-underline-colored\">\n\t\t\t\n\t\t\t<div class=\"liner-continer\">\n\t\t\t\t<h4 class=\"woodmart-title-container title  wd-font-weight-600 wd-fontsize-xl\" >KON \u00d6NAL MADEN\u0130 E\u015eYA<br \/>\nHAKKINDA<\/h4>\n\t\t\t\t\t\t\t<\/div>\n\t\t\t\n\t\t\t\t\t\t\t<div class=\"title-after_title  set-cont-mb-s reset-last-child  wd-fontsize-s\">Kon \u00d6nal Madeni E\u015fya, sekt\u00f6rdeki k\u00f6kl\u00fc deneyimi ve yenilik\u00e7i yakla\u015f\u0131m\u0131yla madeni e\u015fya imalat\u0131nda g\u00fcvenin ve kalitenin simgesi olmu\u015ftur. Kurulu\u015fumuzdan bu yana; m\u00fc\u015fteri memnuniyetini \u00f6n planda tutarak, dayan\u0131kl\u0131, fonksiyonel ve estetik \u00fcr\u00fcnler \u00fcretmeye odakland\u0131k.<\/div>\n\t\t\t\n\t\t\t\n\t\t<\/div>\n\t\t\n\t\t\n\t\t<div id=\"wd-67fd15a471f80\" class=\"title-wrapper wd-wpb set-mb-s reset-last-child  wd-rs-67fd15a471f80 wd-title-color-default wd-title-style-default text-left  wd-title-empty wd-underline-colored\">\n\t\t\t\n\t\t\t<div class=\"liner-continer\">\n\t\t\t\t<h4 class=\"woodmart-title-container title  wd-font-weight-600 wd-fontsize-xl\" ><\/h4>\n\t\t\t\t\t\t\t<\/div>\n\t\t\t\n\t\t\t\t\t\t\t<div class=\"title-after_title  set-cont-mb-s reset-last-child  wd-fontsize-s\">Modern \u00fcretim teknolojilerini ve alan\u0131nda uzman kadromuzu bir araya getirerek, hem yurti\u00e7i hem de yurtd\u0131\u015f\u0131 pazarda g\u00fc\u00e7l\u00fc bir yer edindik. \u00dcr\u00fcnlerimizde kalite standartlar\u0131ndan \u00f6d\u00fcn vermeden, uzun \u00f6m\u00fcrl\u00fc kullan\u0131m ve s\u00fcrd\u00fcr\u00fclebilir \u00fcretim anlay\u0131\u015f\u0131n\u0131 benimsiyoruz.<\/div>\n\t\t\t\n\t\t\t\n\t\t<\/div>\n\t\t\n\t\t\n\t\t<div id=\"wd-6805a45642148\" class=\"title-wrapper wd-wpb set-mb-s reset-last-child  wd-rs-6805a45642148 wd-title-color-default wd-title-style-default text-left  wd-title-empty wd-underline-colored\">\n\t\t\t\n\t\t\t<div class=\"liner-continer\">\n\t\t\t\t<h4 class=\"woodmart-title-container title  wd-font-weight-600 wd-fontsize-xl\" ><\/h4>\n\t\t\t\t\t\t\t<\/div>\n\t\t\t\n\t\t\t\t\t\t\t<div class=\"title-after_title  set-cont-mb-s reset-last-child  wd-fontsize-s\">Kon \u00d6nal Madeni E\u015fya, sadece \u00fcr\u00fcn de\u011fil, ayn\u0131 zamanda \u00e7\u00f6z\u00fcm sunar. M\u00fc\u015fteri ihtiya\u00e7lar\u0131na \u00f6zel tasar\u0131m ve \u00fcretim imkanlar\u0131m\u0131zla, sekt\u00f6re de\u011fer katmaya devam ediyoruz.<\/div>\n\t\t\t\n\t\t\t\n\t\t<\/div>\n\t\t\n\t\t\n\t\t<div id=\"wd-67fd15bbcf621\" class=\"title-wrapper wd-wpb set-mb-s reset-last-child  wd-rs-67fd15bbcf621 wd-title-color-default wd-title-style-default text-left  wd-title-empty wd-underline-colored\">\n\t\t\t\n\t\t\t<div class=\"liner-continer\">\n\t\t\t\t<h4 class=\"woodmart-title-container title  wd-font-weight-600 wd-fontsize-xl\" ><\/h4>\n\t\t\t\t\t\t\t<\/div>\n\t\t\t\n\t\t\t\t\t\t\t<div class=\"title-after_title  set-cont-mb-s reset-last-child  wd-fontsize-s\">Biz, ge\u00e7mi\u015ften ald\u0131\u011f\u0131m\u0131z g\u00fc\u00e7le gelece\u011fe g\u00fcvenle ilerliyoruz<\/div>\n\t\t\t\n\t\t\t\n\t\t<\/div>\n\t\t\n\t\t<div id=\"wd-67fce6ea31abd\" class=\" wd-rs-67fce6ea31abd vc_custom_1744627456245 wd-button-wrapper text-left\"><a href=\"https:\/\/www.onalmadeniesya.com\/?page_id=5212\" title=\"About us\" class=\"btn btn-scheme-light btn-scheme-hover-light btn-style-default btn-style-semi-round btn-size-default\">DAHA FAZLA B\u0130LG\u0130 AL<\/a><\/div>[\/vc_column][vc_column width=&#8221;1\/2&#8243;][vc_single_image image=&#8221;9669&#8243; img_size=&#8221;full&#8221; alignment=&#8221;center&#8221; css=&#8221;.vc_custom_1744627028255{margin-bottom: 0px !important;}&#8221; parallax_scroll=&#8221;no&#8221; woodmart_inline=&#8221;no&#8221;][\/vc_column][\/vc_row][vc_row][vc_column css=&#8221;.vc_custom_1744622808534{padding-top: 35px !important;}&#8221; woodmart_css_id=&#8221;67fcd4d38db16&#8243; parallax_scroll=&#8221;no&#8221; woodmart_sticky_column=&#8221;false&#8221; wd_collapsible_content_switcher=&#8221;no&#8221; wd_column_role_offcanvas_desktop=&#8221;no&#8221; wd_column_role_offcanvas_tablet=&#8221;no&#8221; wd_column_role_offcanvas_mobile=&#8221;no&#8221; wd_column_role_content_desktop=&#8221;no&#8221; wd_column_role_content_tablet=&#8221;no&#8221; wd_column_role_content_mobile=&#8221;no&#8221; mobile_bg_img_hidden=&#8221;no&#8221; tablet_bg_img_hidden=&#8221;no&#8221; woodmart_parallax=&#8221;0&#8243; woodmart_box_shadow=&#8221;no&#8221; responsive_spacing=&#8221;eyJwYXJhbV90eXBlIjoid29vZG1hcnRfcmVzcG9uc2l2ZV9zcGFjaW5nIiwic2VsZWN0b3JfaWQiOiI2N2ZjZDRkMzhkYjE2Iiwic2hvcnRjb2RlIjoidmNfY29sdW1uIiwiZGF0YSI6eyJ0YWJsZXQiOnt9LCJtb2JpbGUiOnt9fX0=&#8221; mobile_reset_margin=&#8221;no&#8221; tablet_reset_margin=&#8221;no&#8221; wd_z_index=&#8221;no&#8221;]\n\t\t<div id=\"wd-67fcec8f8973c\" class=\"title-wrapper wd-wpb set-mb-s reset-last-child  wd-rs-67fcec8f8973c wd-title-color-default wd-title-style-default text-center vc_custom_1744628885281 wd-width-enabled wd-underline-colored\" style=\"--wd-max-width: 50%;\">\n\t\t\t\n\t\t\t<div class=\"liner-continer\">\n\t\t\t\t<h4 class=\"woodmart-title-container title  wd-font-weight-400 wd-fontsize-l\" >Kalite \u00dcretir!<\/h4>\n\t\t\t\t\t\t\t<\/div>\n\t\t\t\n\t\t\t\n\t\t\t\n\t\t<\/div>\n\t\t\n\t\t[\/vc_column][\/vc_row][vc_row][vc_column][vc_goo_maps location=&#8221;Kon\u00f6nal Madeni E\u015fya&#8221; height=&#8221;500&#8243; zoom=&#8221;12&#8243; css=&#8221;&#8221;][\/vc_column][\/vc_row]<\/p>\n<\/div>","protected":false},"excerpt":{"rendered":"<p>[vc_row full_width=&#8221;stretch_row_content_no_spaces&#8221; css=&#8221;.vc_custom_1626791053168{margin-top: -40px !important;margin-bottom: 80px !important;padding-top: 0px !important;}&#8221; woodmart_css_id=&#8221;60f6dc7e05113&#8243; responsive_spacing=&#8221;eyJwYXJhbV90eXBlIjoid29vZG1hcnRfcmVzcG9uc2l2ZV9zcGFjaW5nIiwic2VsZWN0b3JfaWQiOiI2MGY2ZGM3ZTA1MTEzIiwic2hvcnRjb2RlIjoidmNfcm93IiwiZGF0YSI6eyJ0YWJsZXQiOnsibWFyZ2luLWJvdHRvbSI6IjYwIn0sIm1vYmlsZSI6eyJtYXJnaW4tYm90dG9tIjoiNDAifX19&#8243; mobile_bg_img_hidden=&#8221;no&#8221; tablet_bg_img_hidden=&#8221;no&#8221; woodmart_parallax=&#8221;0&#8243; woodmart_gradient_switch=&#8221;no&#8221; row_reverse_mobile=&#8221;0&#8243; row_reverse_tablet=&#8221;0&#8243; woodmart_disable_overflow=&#8221;0&#8243;][vc_column woodmart_css_id=&#8221;60f6db382425b&#8221; responsive_spacing=&#8221;eyJwYXJhbV90eXBlIjoid29vZG1hcnRfcmVzcG9uc2l2ZV9zcGFjaW5nIiwic2VsZWN0b3JfaWQiOiI2MGY2ZGIzODI0MjViIiwic2hvcnRjb2RlIjoidmNfY29sdW1uIiwiZGF0YSI6eyJ0YWJsZXQiOnt9LCJtb2JpbGUiOnt9fX0=&#8221;<\/p>\n","protected":false},"author":1,"featured_media":0,"parent":0,"menu_order":0,"comment_status":"closed","ping_status":"closed","template":"","meta":{"footnotes":""},"class_list":["post-57","page","type-page","status-publish","hentry"],"_links":{"self":[{"href":"https:\/\/www.onalmadeniesya.com\/index.php?rest_route=\/wp\/v2\/pages\/57","targetHints":{"allow":["GET"]}}],"collection":[{"href":"https:\/\/www.onalmadeniesya.com\/index.php?rest_route=\/wp\/v2\/pages"}],"about":[{"href":"https:\/\/www.onalmadeniesya.com\/index.php?rest_route=\/wp\/v2\/types\/page"}],"author":[{"embeddable":true,"href":"https:\/\/www.onalmadeniesya.com\/index.php?rest_route=\/wp\/v2\/users\/1"}],"replies":[{"embeddable":true,"href":"https:\/\/www.onalmadeniesya.com\/index.php?rest_route=%2Fwp%2Fv2%2Fcomments&post=57"}],"version-history":[{"count":43,"href":"https:\/\/www.onalmadeniesya.com\/index.php?rest_route=\/wp\/v2\/pages\/57\/revisions"}],"predecessor-version":[{"id":9923,"href":"https:\/\/www.onalmadeniesya.com\/index.php?rest_route=\/wp\/v2\/pages\/57\/revisions\/9923"}],"wp:attachment":[{"href":"https:\/\/www.onalmadeniesya.com\/index.php?rest_route=%2Fwp%2Fv2%2Fmedia&parent=57"}],"curies":[{"name":"wp","href":"https:\/\/api.w.org\/{rel}","templated":true}]}}