{"id":9770,"date":"2025-04-21T03:59:07","date_gmt":"2025-04-21T00:59:07","guid":{"rendered":"https:\/\/www.onalmadeniesya.com\/?post_type=product&#038;p=9770"},"modified":"2025-06-14T09:16:28","modified_gmt":"2025-06-14T06:16:28","slug":"bianca-utu-masasi-mu-102","status":"publish","type":"product","link":"https:\/\/www.onalmadeniesya.com\/?product=bianca-utu-masasi-mu-102","title":{"rendered":"Bianca \u00dct\u00fc Masas\u0131"},"content":{"rendered":"<p><img loading=\"lazy\" decoding=\"async\" class=\"aligncenter size-full wp-image-9938\" src=\"https:\/\/www.onalmadeniesya.com\/wp-content\/uploads\/2025\/04\/bianca-kesilen-1-2.jpg\" alt=\"\" width=\"1123\" height=\"360\" srcset=\"https:\/\/www.onalmadeniesya.com\/wp-content\/uploads\/2025\/04\/bianca-kesilen-1-2.jpg 1123w, https:\/\/www.onalmadeniesya.com\/wp-content\/uploads\/2025\/04\/bianca-kesilen-1-2-150x48.jpg 150w, https:\/\/www.onalmadeniesya.com\/wp-content\/uploads\/2025\/04\/bianca-kesilen-1-2-700x224.jpg 700w, https:\/\/www.onalmadeniesya.com\/wp-content\/uploads\/2025\/04\/bianca-kesilen-1-2-400x128.jpg 400w, https:\/\/www.onalmadeniesya.com\/wp-content\/uploads\/2025\/04\/bianca-kesilen-1-2-768x246.jpg 768w, https:\/\/www.onalmadeniesya.com\/wp-content\/uploads\/2025\/04\/bianca-kesilen-1-2-860x276.jpg 860w\" sizes=\"auto, (max-width: 1123px) 100vw, 1123px\" \/><\/p>\n","protected":false},"excerpt":{"rendered":"<p>\u2013 \u00a0Buhar\u0131 ge\u00e7iren monoblok sac tabla.<\/p>\n<p>\u2013 \u00a0Yanmaz silikonlu \u00fct\u00fc koyma alan\u0131.<\/p>\n<p>\u2013 \u00a060-90 cm aras\u0131 ayarlanabilir y\u00fckseklik.<\/p>\n<p>\u2013 \u00a0Elektrostatik toz boya kaplama.<\/p>\n<p>\u2013 \u00a0Canl\u0131 renklerde pamuklu k\u0131l\u0131f.<\/p>\n<p>\u2013 \u00a0Tekli, kullan\u0131ma haz\u0131r \u015f\u0131k ambalaj.<\/p>\n","protected":false},"featured_media":9771,"comment_status":"closed","ping_status":"closed","template":"","meta":[],"product_brand":[],"product_cat":[145],"product_tag":[],"class_list":{"0":"post-9770","1":"product","2":"type-product","3":"status-publish","4":"has-post-thumbnail","6":"product_cat-utu-masasi","8":"first","9":"instock","10":"shipping-taxable","11":"product-type-simple"},"_links":{"self":[{"href":"https:\/\/www.onalmadeniesya.com\/index.php?rest_route=\/wp\/v2\/product\/9770","targetHints":{"allow":["GET"]}}],"collection":[{"href":"https:\/\/www.onalmadeniesya.com\/index.php?rest_route=\/wp\/v2\/product"}],"about":[{"href":"https:\/\/www.onalmadeniesya.com\/index.php?rest_route=\/wp\/v2\/types\/product"}],"replies":[{"embeddable":true,"href":"https:\/\/www.onalmadeniesya.com\/index.php?rest_route=%2Fwp%2Fv2%2Fcomments&post=9770"}],"wp:featuredmedia":[{"embeddable":true,"href":"https:\/\/www.onalmadeniesya.com\/index.php?rest_route=\/wp\/v2\/media\/9771"}],"wp:attachment":[{"href":"https:\/\/www.onalmadeniesya.com\/index.php?rest_route=%2Fwp%2Fv2%2Fmedia&parent=9770"}],"wp:term":[{"taxonomy":"product_brand","embeddable":true,"href":"https:\/\/www.onalmadeniesya.com\/index.php?rest_route=%2Fwp%2Fv2%2Fproduct_brand&post=9770"},{"taxonomy":"product_cat","embeddable":true,"href":"https:\/\/www.onalmadeniesya.com\/index.php?rest_route=%2Fwp%2Fv2%2Fproduct_cat&post=9770"},{"taxonomy":"product_tag","embeddable":true,"href":"https:\/\/www.onalmadeniesya.com\/index.php?rest_route=%2Fwp%2Fv2%2Fproduct_tag&post=9770"}],"curies":[{"name":"wp","href":"https:\/\/api.w.org\/{rel}","templated":true}]}}