{"id":9778,"date":"2025-04-21T04:03:51","date_gmt":"2025-04-21T01:03:51","guid":{"rendered":"https:\/\/www.onalmadeniesya.com\/?post_type=product&#038;p=9778"},"modified":"2025-06-17T09:23:35","modified_gmt":"2025-06-17T06:23:35","slug":"azra-utu-masasi-mu-103","status":"publish","type":"product","link":"https:\/\/www.onalmadeniesya.com\/?product=azra-utu-masasi-mu-103","title":{"rendered":"Azra \u00dct\u00fc Masas\u0131"},"content":{"rendered":"<p><img loading=\"lazy\" decoding=\"async\" class=\"aligncenter size-full wp-image-9953\" src=\"https:\/\/www.onalmadeniesya.com\/wp-content\/uploads\/2025\/04\/azra-kesilen-1.jpg\" alt=\"\" width=\"1123\" height=\"370\" srcset=\"https:\/\/www.onalmadeniesya.com\/wp-content\/uploads\/2025\/04\/azra-kesilen-1.jpg 1123w, https:\/\/www.onalmadeniesya.com\/wp-content\/uploads\/2025\/04\/azra-kesilen-1-400x132.jpg 400w, https:\/\/www.onalmadeniesya.com\/wp-content\/uploads\/2025\/04\/azra-kesilen-1-768x253.jpg 768w, https:\/\/www.onalmadeniesya.com\/wp-content\/uploads\/2025\/04\/azra-kesilen-1-700x231.jpg 700w, https:\/\/www.onalmadeniesya.com\/wp-content\/uploads\/2025\/04\/azra-kesilen-1-150x49.jpg 150w\" sizes=\"auto, (max-width: 1123px) 100vw, 1123px\" \/><\/p>\n","protected":false},"excerpt":{"rendered":"<p>\u2013 \u00a0Buhar\u0131 ge\u00e7iren monoblok sac tabla.<\/p>\n<p>\u2013 \u00a0Yanmaz silikonlu \u00fct\u00fc koyma alan\u0131.<\/p>\n<p>\u2013 \u00a060-90 cm aras\u0131 ayarlanabilir y\u00fckseklik.<\/p>\n<p>\u2013 \u00a0Elektrostatik toz boya kaplama.<\/p>\n<p>\u2013 \u00a0Canl\u0131 renklerde pamuklu k\u0131l\u0131f.<\/p>\n<p>\u2013 \u00a0Tekli, kullan\u0131ma haz\u0131r \u015f\u0131k ambalaj.<\/p>\n","protected":false},"featured_media":9882,"comment_status":"closed","ping_status":"closed","template":"","meta":[],"product_brand":[],"product_cat":[145],"product_tag":[],"class_list":{"0":"post-9778","1":"product","2":"type-product","3":"status-publish","4":"has-post-thumbnail","6":"product_cat-utu-masasi","8":"first","9":"instock","10":"shipping-taxable","11":"product-type-simple"},"_links":{"self":[{"href":"https:\/\/www.onalmadeniesya.com\/index.php?rest_route=\/wp\/v2\/product\/9778","targetHints":{"allow":["GET"]}}],"collection":[{"href":"https:\/\/www.onalmadeniesya.com\/index.php?rest_route=\/wp\/v2\/product"}],"about":[{"href":"https:\/\/www.onalmadeniesya.com\/index.php?rest_route=\/wp\/v2\/types\/product"}],"replies":[{"embeddable":true,"href":"https:\/\/www.onalmadeniesya.com\/index.php?rest_route=%2Fwp%2Fv2%2Fcomments&post=9778"}],"wp:featuredmedia":[{"embeddable":true,"href":"https:\/\/www.onalmadeniesya.com\/index.php?rest_route=\/wp\/v2\/media\/9882"}],"wp:attachment":[{"href":"https:\/\/www.onalmadeniesya.com\/index.php?rest_route=%2Fwp%2Fv2%2Fmedia&parent=9778"}],"wp:term":[{"taxonomy":"product_brand","embeddable":true,"href":"https:\/\/www.onalmadeniesya.com\/index.php?rest_route=%2Fwp%2Fv2%2Fproduct_brand&post=9778"},{"taxonomy":"product_cat","embeddable":true,"href":"https:\/\/www.onalmadeniesya.com\/index.php?rest_route=%2Fwp%2Fv2%2Fproduct_cat&post=9778"},{"taxonomy":"product_tag","embeddable":true,"href":"https:\/\/www.onalmadeniesya.com\/index.php?rest_route=%2Fwp%2Fv2%2Fproduct_tag&post=9778"}],"curies":[{"name":"wp","href":"https:\/\/api.w.org\/{rel}","templated":true}]}}