{"id":9818,"date":"2025-04-21T04:30:01","date_gmt":"2025-04-21T01:30:01","guid":{"rendered":"https:\/\/www.onalmadeniesya.com\/?post_type=product&#038;p=9818"},"modified":"2025-05-24T15:57:59","modified_gmt":"2025-05-24T12:57:59","slug":"electra-utu-masasi-mu-108","status":"publish","type":"product","link":"https:\/\/www.onalmadeniesya.com\/?product=electra-utu-masasi-mu-108","title":{"rendered":"Electra \u00dct\u00fc Masas\u0131"},"content":{"rendered":"<p><img loading=\"lazy\" decoding=\"async\" class=\"aligncenter size-full wp-image-9918\" src=\"https:\/\/www.onalmadeniesya.com\/wp-content\/uploads\/2025\/04\/electra-kesilen.jpg\" alt=\"\" width=\"1123\" height=\"416\" srcset=\"https:\/\/www.onalmadeniesya.com\/wp-content\/uploads\/2025\/04\/electra-kesilen.jpg 1123w, https:\/\/www.onalmadeniesya.com\/wp-content\/uploads\/2025\/04\/electra-kesilen-150x56.jpg 150w, https:\/\/www.onalmadeniesya.com\/wp-content\/uploads\/2025\/04\/electra-kesilen-700x259.jpg 700w, https:\/\/www.onalmadeniesya.com\/wp-content\/uploads\/2025\/04\/electra-kesilen-400x148.jpg 400w, https:\/\/www.onalmadeniesya.com\/wp-content\/uploads\/2025\/04\/electra-kesilen-768x284.jpg 768w, https:\/\/www.onalmadeniesya.com\/wp-content\/uploads\/2025\/04\/electra-kesilen-860x319.jpg 860w\" sizes=\"auto, (max-width: 1123px) 100vw, 1123px\" \/><\/p>\n","protected":false},"excerpt":{"rendered":"<p>&#8211; Buhar\u0131 ge\u00e7iren monoblok sac tabla.<\/p>\n<p>&#8211; \u00a0Yanmaz silikonlu \u00fct\u00fc koyma alan\u0131.<\/p>\n<p>\u2013 \u00a0Buhar kazanl\u0131 \u00fct\u00fclere \u00f6zel tasarlanm\u0131\u015f \u00fct\u00fc alan\u0131.<\/p>\n<p>&#8211; \u00a060-90 cm aras\u0131 ayarlanabilir y\u00fckseklik.<\/p>\n<p>&#8211; \u00a0Elektrostatik toz boya kaplama.<\/p>\n<p>&#8211; \u00a0Canl\u0131 renklerde pamuklu k\u0131l\u0131f.<\/p>\n<p>&#8211; \u00a0Yanmaz silikonlu \u00fct\u00fc koyma alan\u0131.<\/p>\n<p>&#8211; \u00a0Tekli, kullan\u0131ma haz\u0131r \u015f\u0131k ambalaj.<\/p>\n<p>\u2013\u00a0 Kol Aparat\u0131.<\/p>\n<p>\u2013 Is\u0131ya Dayan\u0131kl\u0131 Yedek\u00a0 Kuma\u015f.<\/p>\n<p>&nbsp;<\/p>\n","protected":false},"featured_media":9823,"comment_status":"closed","ping_status":"closed","template":"","meta":[],"product_brand":[],"product_cat":[145],"product_tag":[],"class_list":{"0":"post-9818","1":"product","2":"type-product","3":"status-publish","4":"has-post-thumbnail","6":"product_cat-utu-masasi","8":"first","9":"instock","10":"shipping-taxable","11":"product-type-simple"},"_links":{"self":[{"href":"https:\/\/www.onalmadeniesya.com\/index.php?rest_route=\/wp\/v2\/product\/9818","targetHints":{"allow":["GET"]}}],"collection":[{"href":"https:\/\/www.onalmadeniesya.com\/index.php?rest_route=\/wp\/v2\/product"}],"about":[{"href":"https:\/\/www.onalmadeniesya.com\/index.php?rest_route=\/wp\/v2\/types\/product"}],"replies":[{"embeddable":true,"href":"https:\/\/www.onalmadeniesya.com\/index.php?rest_route=%2Fwp%2Fv2%2Fcomments&post=9818"}],"wp:featuredmedia":[{"embeddable":true,"href":"https:\/\/www.onalmadeniesya.com\/index.php?rest_route=\/wp\/v2\/media\/9823"}],"wp:attachment":[{"href":"https:\/\/www.onalmadeniesya.com\/index.php?rest_route=%2Fwp%2Fv2%2Fmedia&parent=9818"}],"wp:term":[{"taxonomy":"product_brand","embeddable":true,"href":"https:\/\/www.onalmadeniesya.com\/index.php?rest_route=%2Fwp%2Fv2%2Fproduct_brand&post=9818"},{"taxonomy":"product_cat","embeddable":true,"href":"https:\/\/www.onalmadeniesya.com\/index.php?rest_route=%2Fwp%2Fv2%2Fproduct_cat&post=9818"},{"taxonomy":"product_tag","embeddable":true,"href":"https:\/\/www.onalmadeniesya.com\/index.php?rest_route=%2Fwp%2Fv2%2Fproduct_tag&post=9818"}],"curies":[{"name":"wp","href":"https:\/\/api.w.org\/{rel}","templated":true}]}}