{"id":9831,"date":"2025-04-21T04:40:10","date_gmt":"2025-04-21T01:40:10","guid":{"rendered":"https:\/\/www.onalmadeniesya.com\/?post_type=product&#038;p=9831"},"modified":"2025-06-18T11:30:04","modified_gmt":"2025-06-18T08:30:04","slug":"ilayda-kurutma-askisi-mk-203","status":"publish","type":"product","link":"https:\/\/www.onalmadeniesya.com\/?product=ilayda-kurutma-askisi-mk-203","title":{"rendered":"\u0130layda Kurutma Ask\u0131s\u0131"},"content":{"rendered":"<p><img loading=\"lazy\" decoding=\"async\" class=\"aligncenter size-full wp-image-9909\" src=\"https:\/\/www.onalmadeniesya.com\/wp-content\/uploads\/2025\/04\/ilayda-kesilen-1.jpg\" alt=\"\" width=\"1123\" height=\"238\" srcset=\"https:\/\/www.onalmadeniesya.com\/wp-content\/uploads\/2025\/04\/ilayda-kesilen-1.jpg 1123w, https:\/\/www.onalmadeniesya.com\/wp-content\/uploads\/2025\/04\/ilayda-kesilen-1-150x32.jpg 150w, https:\/\/www.onalmadeniesya.com\/wp-content\/uploads\/2025\/04\/ilayda-kesilen-1-700x148.jpg 700w, https:\/\/www.onalmadeniesya.com\/wp-content\/uploads\/2025\/04\/ilayda-kesilen-1-400x85.jpg 400w, https:\/\/www.onalmadeniesya.com\/wp-content\/uploads\/2025\/04\/ilayda-kesilen-1-768x163.jpg 768w, https:\/\/www.onalmadeniesya.com\/wp-content\/uploads\/2025\/04\/ilayda-kesilen-1-860x182.jpg 860w\" sizes=\"auto, (max-width: 1123px) 100vw, 1123px\" \/><\/p>\n","protected":false},"excerpt":{"rendered":"<p>\u00dcr\u00fcn \u00d6zellikleri<\/p>\n<p>&#8211; \u00a0Modern ve Fonksiyonel Tasar\u0131m.<\/p>\n<p>&#8211; \u00a0Dayan\u0131kl\u0131 Elektrostatik Toz Boyal\u0131 Y\u00fczey.<\/p>\n<p>&#8211; \u00a030 Par\u00e7a \u00c7ama\u015f\u0131r Ask\u0131 Kapasitesi.<\/p>\n<p>&#8211; \u00a0Katlanabilir Tasar\u0131m \u2013 Minimum Alan Kullan\u0131m\u0131.<\/p>\n<p>&#8211; \u00a0Mandal Sepetli Pratik Kullan\u0131m.<\/p>\n<p>&nbsp;<\/p>\n","protected":false},"featured_media":9833,"comment_status":"closed","ping_status":"closed","template":"","meta":[],"product_brand":[],"product_cat":[152],"product_tag":[],"class_list":{"0":"post-9831","1":"product","2":"type-product","3":"status-publish","4":"has-post-thumbnail","6":"product_cat-kurutma-askisi","8":"first","9":"instock","10":"shipping-taxable","11":"product-type-simple"},"_links":{"self":[{"href":"https:\/\/www.onalmadeniesya.com\/index.php?rest_route=\/wp\/v2\/product\/9831","targetHints":{"allow":["GET"]}}],"collection":[{"href":"https:\/\/www.onalmadeniesya.com\/index.php?rest_route=\/wp\/v2\/product"}],"about":[{"href":"https:\/\/www.onalmadeniesya.com\/index.php?rest_route=\/wp\/v2\/types\/product"}],"replies":[{"embeddable":true,"href":"https:\/\/www.onalmadeniesya.com\/index.php?rest_route=%2Fwp%2Fv2%2Fcomments&post=9831"}],"wp:featuredmedia":[{"embeddable":true,"href":"https:\/\/www.onalmadeniesya.com\/index.php?rest_route=\/wp\/v2\/media\/9833"}],"wp:attachment":[{"href":"https:\/\/www.onalmadeniesya.com\/index.php?rest_route=%2Fwp%2Fv2%2Fmedia&parent=9831"}],"wp:term":[{"taxonomy":"product_brand","embeddable":true,"href":"https:\/\/www.onalmadeniesya.com\/index.php?rest_route=%2Fwp%2Fv2%2Fproduct_brand&post=9831"},{"taxonomy":"product_cat","embeddable":true,"href":"https:\/\/www.onalmadeniesya.com\/index.php?rest_route=%2Fwp%2Fv2%2Fproduct_cat&post=9831"},{"taxonomy":"product_tag","embeddable":true,"href":"https:\/\/www.onalmadeniesya.com\/index.php?rest_route=%2Fwp%2Fv2%2Fproduct_tag&post=9831"}],"curies":[{"name":"wp","href":"https:\/\/api.w.org\/{rel}","templated":true}]}}